{"id":4296,"date":"2023-02-16T16:15:07","date_gmt":"2023-02-16T15:15:07","guid":{"rendered":"https:\/\/www.fundaciontajamar.es\/?page_id=4296"},"modified":"2023-02-22T09:27:50","modified_gmt":"2023-02-22T08:27:50","slug":"legados-solidarios","status":"publish","type":"page","link":"https:\/\/www.fundaciontajamar.es\/es\/legados-solidarios\/","title":{"rendered":"Legados Solidarios"},"content":{"rendered":"[vc_row full_width=&#8221;stretch_row_content&#8221; equal_height=&#8221;yes&#8221; el_id=&#8221;row-intro-big&#8221;][vc_column width=&#8221;1\/3&#8243; css=&#8221;.vc_custom_1676547373133{background-color: #39a6de !important;}&#8221;]<div class=\"vcex-module vcex-heading vcex-heading-plain\"><span class=\"vcex-heading-inner clr\">Legados<br \/>\n<strong>SOLIDARIOS<\/strong><\/span><\/div>[\/vc_column][vc_column width=&#8221;2\/3&#8243; css=&#8221;.vc_custom_1676547571327{background-image: url(https:\/\/www.fundaciontajamar.es\/wp-content\/uploads\/2019\/01\/tajamar-internaciona.jpg?id=297) !important;background-position: center !important;background-repeat: no-repeat !important;background-size: cover !important;}&#8221;][\/vc_column][\/vc_row][vc_row][vc_column]<div class=\"vcex-module vcex-heading vcex-heading-plain\" style=\"font-size:40px;\"><span class=\"vcex-heading-inner clr\">\u00bfPor qu\u00e9 no haces un <strong>testamento solidario<\/strong> incluyendo a <strong>Tajamar<\/strong>?<\/span><\/div><div class=\"vcex-spacing\" style=\"height:20px\"><\/div>[vc_column_text]<span style=\"font-size: 21px; color: #000000;\">No solo seguir\u00e1s apoyando a tus seres queridos, sino que, a la vez, har\u00e1s posible que chicos y chicas en riesgo de exclusi\u00f3n reciban una <strong>educaci\u00f3n de calidad<\/strong> que les permita tener un buen futuro.<\/span>[\/vc_column_text]<div class=\"vcex-spacing\" style=\"height:30px\"><\/div><div class=\"vcex-module vcex-divider vcex-divider-dotted repeat-bg\"><\/div><div class=\"vcex-spacing\" style=\"height:30px\"><\/div><div class=\"vcex-module vcex-heading vcex-heading-plain\" style=\"font-size:40px;\"><span class=\"vcex-heading-inner clr\">\u00bfC\u00f3mo se hace un <strong>testamento solidario<\/strong>?<\/span><\/div><div class=\"vcex-spacing\" style=\"height:30px\"><\/div>[vc_row_inner equal_height=&#8221;yes&#8221;][vc_column_inner width=&#8221;1\/3&#8243;]<div class=\"vcex-module vcex-heading vcex-heading-plain\"><span class=\"vcex-heading-inner clr\">Inf\u00f3rmate y <strong>reflexiona<\/strong>.<\/span><\/div><div class=\"vcex-spacing\" style=\"height:15px\"><\/div>[vc_column_text]<span style=\"font-size: 18px;\">Piensa qu\u00e9 te gustar\u00eda\u00a0dejar.\u00a0<strong>Cualquier aportaci\u00f3n tendr\u00e1 un impacto<\/strong>\u00a0en la vida de las personas a las que atendemos. Si necesitas m\u00e1s informaci\u00f3n o resolver cualquier duda, te ofrecemos\u00a0<strong>asesoramiento legal gratuito<\/strong>\u00a0y con total\u00a0<strong>confidencialidad<\/strong>.<\/span>[\/vc_column_text][\/vc_column_inner][vc_column_inner width=&#8221;1\/3&#8243;]<div class=\"vcex-module vcex-heading vcex-heading-plain\"><span class=\"vcex-heading-inner clr\">Acude al <strong>notario<\/strong><\/span><\/div><div class=\"vcex-spacing\" style=\"height:15px\"><\/div>[vc_column_text]\n<div>\n<p><span style=\"font-size: 18px;\">Para que redacten tu testamento solidario tendr\u00e1s que\u00a0<strong>pedir cita al notario<\/strong>\u00a0y tendr\u00e1 un\u00a0<strong>coste<\/strong>\u00a0de unos\u00a0<strong>50 euros<\/strong>\u00a0aproximadamente. Es\u00a0la mejor forma de\u00a0<strong>asegurar\u00a0<\/strong>que\u00a0<strong>tu voluntad se cumplir\u00e1\u00a0fielmente<\/strong>\u00a0en el futuro. No olvides<strong> incluir correctamente los datos de la Fundaci\u00f3n Tajamar<\/strong>. Sobre todo, acu\u00e9rdate de\u00a0<strong>guardar una copia<\/strong>.<\/span><\/p>\n<\/div>\n<div>\n<p>&nbsp;<\/p>\n<\/div>\n[\/vc_column_text][\/vc_column_inner][vc_column_inner width=&#8221;1\/3&#8243;]<div class=\"vcex-module vcex-heading vcex-heading-plain\"><span class=\"vcex-heading-inner clr\"><strong>Av\u00edsanos<\/strong><\/span><\/div><div class=\"vcex-spacing\" style=\"height:15px\"><\/div>[vc_column_text]\n<div>\n<p><span style=\"font-size: 18px;\">Si has decidido incluir a Tajamar en tu testamento <strong>av\u00edsanos <\/strong>para que podamos cumplir con tu voluntad. Adem\u00e1s, te recomendamos que lo\u00a0<strong>cuentes a alguien de tu confianza<\/strong>\u00a0para que llegado el momento nos lo pueda comunicar.<\/span><\/p>\n<\/div>\n[\/vc_column_text][\/vc_column_inner][\/vc_row_inner]<div class=\"vcex-module vcex-divider vcex-divider-dotted repeat-bg\"><\/div>[\/vc_column][\/vc_row][vc_row][vc_column]<div class=\"vcex-module vcex-heading vcex-heading-plain\" style=\"font-family:Montserrat;font-size:40px;\"><span class=\"vcex-heading-inner clr\">\u00bfC\u00f3mo debo de <strong>proceder<\/strong>?<\/span><\/div><div class=\"vcex-spacing\" style=\"height:30px\"><\/div>[vc_column_text]<span style=\"font-size: 18px;\">Garantizamos un procedimiento seguro para el tratamiento de sus bienes.<\/span><\/p>\n<p><span style=\"font-size: 24px;\"><strong>Hacer un testamento o un legado solidario es un derecho.<\/strong><\/span><\/p>\n<p><span style=\"font-size: 18px;\">Para colaborar haciendo un testamento o legado solidario en favor de Tajamar, s\u00f3lo se necesita acudir a un notario y manifestar su voluntad de testar o legar, todos o parte de sus bienes, a favor de:<\/span><\/p>\n<p><span style=\"font-size: 18px;\"><strong class=\"red\">Fundaci\u00f3n Tajamar<br \/>\nP\u00edo Felipe 12 \u2013 28038 Madrid<br \/>\nCIF: G-28432383<\/strong><\/span><\/p>\n<p><span style=\"font-size: 18px;\">Si cambian sus circunstancias personales o la intenci\u00f3n, su \u00faltima decisi\u00f3n <strong>siempre puede modificarse.<\/strong><\/span>[\/vc_column_text]<div class=\"vcex-spacing\" style=\"height:30px\"><\/div><div class=\"textcenter theme-button-block-wrap theme-button-wrap clr\"><a href=\"https:\/\/www.fundaciontajamar.es\/dona\/\" class=\"vcex-button theme-button graphical blue large align-center block animate-on-hover\" style=\"background:#0a0a0a;color:#ffffff;\"><span class=\"theme-button-inner\">Quiero hacer una donaci\u00f3n<\/span><\/a><\/div> <div class=\"vcex-spacing\" style=\"height:30px\"><\/div><div class=\"vcex-module vcex-divider vcex-divider-dotted repeat-bg\"><\/div>[\/vc_column][\/vc_row][vc_row][vc_column]<div class=\"vcex-module vcex-heading vcex-heading-plain\" style=\"font-family:Montserrat;font-size:40px;\"><span class=\"vcex-heading-inner clr\">\u00bfQu\u00e9 puedo dejar en herencia?<\/span><\/div><div class=\"vcex-spacing\" style=\"height:30px\"><\/div>[vc_column_text]<span style=\"font-size: 18px;\">Cualquier aportaci\u00f3n ayudar\u00e1 a crear un futuro mejor y nos permitir\u00e1 cambiar vidas. Pueden ser:<\/span>[\/vc_column_text]<div class=\"vcex-spacing\" style=\"height:30px\"><\/div>[vc_row_inner][vc_column_inner width=&#8221;1\/4&#8243;][vc_icon icon_fontawesome=&#8221;fa fa-money&#8221; color=&#8221;sky&#8221; size=&#8221;xl&#8221; align=&#8221;center&#8221;]<div class=\"vcex-module vcex-heading vcex-heading-plain\" style=\"font-family:Montserrat;font-weight:600;\"><span class=\"vcex-heading-inner clr\">Bienes financieros<\/span><\/div>[vc_column_text]Una cantidad de dinero concreta de cuentas corrientes, valores, bonos, acciones.[\/vc_column_text][\/vc_column_inner][vc_column_inner width=&#8221;1\/4&#8243;][vc_icon type=&#8221;material&#8221; icon_material=&#8221;vc-material vc-material-account_balance&#8221; color=&#8221;sky&#8221; size=&#8221;xl&#8221; align=&#8221;center&#8221;]<div class=\"vcex-module vcex-heading vcex-heading-plain\" style=\"font-family:Montserrat;font-weight:600;\"><span class=\"vcex-heading-inner clr\">Herencia total o parcial<\/span><\/div>[vc_column_text]Un porcentaje del total de tu herencia o designar a <strong>Tajamar<\/strong> como \u00fanico heredero.[\/vc_column_text][\/vc_column_inner][vc_column_inner width=&#8221;1\/4&#8243;][vc_icon icon_fontawesome=&#8221;fa fa-home&#8221; color=&#8221;sky&#8221; size=&#8221;xl&#8221; align=&#8221;center&#8221;]<div class=\"vcex-module vcex-heading vcex-heading-plain\" style=\"font-family:Montserrat;font-weight:600;\"><span class=\"vcex-heading-inner clr\">Bienes inmuebles<\/span><\/div>[vc_column_text]Apartamentos, terrenos, garajes, edificios&#8230;<\/p>\n[\/vc_column_text][\/vc_column_inner][vc_column_inner width=&#8221;1\/4&#8243;][vc_icon icon_fontawesome=&#8221;fa fa-car&#8221; color=&#8221;sky&#8221; size=&#8221;xl&#8221; align=&#8221;center&#8221;]<div class=\"vcex-module vcex-heading vcex-heading-plain\" style=\"font-family:Montserrat;font-weight:600;\"><span class=\"vcex-heading-inner clr\">Bienes muebles<\/span><\/div>[vc_column_text]Obras de arte, autom\u00f3viles y otros objetos de valor.[\/vc_column_text][\/vc_column_inner][\/vc_row_inner]<div class=\"vcex-spacing\" style=\"height:30px\"><\/div><div class=\"vcex-module vcex-divider vcex-divider-dotted repeat-bg\"><\/div>[\/vc_column][\/vc_row][vc_row][vc_column]<div class=\"vcex-module vcex-heading vcex-heading-plain\" style=\"font-family:Montserrat;font-size:40px;font-weight:600;\"><span class=\"vcex-heading-inner clr\">Donativo exento de impuestos<\/span><\/div><div class=\"vcex-spacing\" style=\"height:30px\"><\/div>[vc_column_text]\n<div class=\"et_pb_module et_pb_text et_pb_text_12 et_pb_text_align_left et_pb_bg_layout_light\">\n<div class=\"et_pb_text_inner\">\n<p><span style=\"font-size: 18px;\"><strong class=\"red\">Tratamiento fiscal<\/strong><\/span><\/p>\n<p><span style=\"font-size: 18px;\">En la liquidaci\u00f3n del testamento, las entidades sin fines lucrativos no est\u00e1n sujetas al <strong>Impuesto de Sucesiones y Donaciones<\/strong> y por tanto los legados solidarios est\u00e1n libres de tasas impositivas para los beneficiarios.<\/span><\/p>\n<p><span style=\"font-size: 18px;\">Todo el valor de lo que desees donar, estar\u00e1 destinado a su trabajo. Por ello,\u00a0<strong>la parte asignada a Tajamar est\u00e1 exenta de impuestos<\/strong>. La totalidad del legado se dedica \u00edntegramente a los fines de la Fundaci\u00f3n.<\/span><\/p>\n<\/div>\n<\/div>\n[\/vc_column_text]<div class=\"vcex-spacing\" style=\"height:30px\"><\/div><div class=\"textcenter theme-button-block-wrap theme-button-wrap clr\"><a href=\"https:\/\/www.fundaciontajamar.es\/dona\/\" class=\"vcex-button theme-button graphical blue large align-center block animate-on-hover\" style=\"background:#0a0a0a;color:#ffffff;\"><span class=\"theme-button-inner\">Quiero hacer una donaci\u00f3n<\/span><\/a><\/div> <div class=\"vcex-spacing\" style=\"height:30px\"><\/div><div class=\"vcex-module vcex-divider vcex-divider-dotted repeat-bg\"><\/div>[\/vc_column][\/vc_row][vc_row][vc_column]<div class=\"vcex-module vcex-heading vcex-heading-plain\" style=\"font-family:Montserrat;font-size:40px;font-weight:600;\"><span class=\"vcex-heading-inner clr\">\u00bfA qu\u00e9 se destinan los fondos?<\/span><\/div><div class=\"vcex-spacing\" style=\"height:30px\"><\/div>[vc_column_text]\n<div class=\"et_pb_module et_pb_text et_pb_text_12 et_pb_text_align_left et_pb_bg_layout_light\">\n<div class=\"et_pb_text_inner\">\n<p><span style=\"font-size: 18px;\">El dinero, producto de la venta de los bienes, se destinar\u00e1 a una inversi\u00f3n que cambiar\u00e1 vidas. Con ello contribuir\u00e1 a la formaci\u00f3n integral de ni\u00f1os y ni\u00f1as en riesgo de exclusi\u00f3n social en los colegios <strong>Tajamar <\/strong>y <strong>Los Tilos<\/strong>, en el barrio de Vallecas en Madrid.<\/span><\/p>\n<\/div>\n<\/div>\n[\/vc_column_text][\/vc_column][\/vc_row]\n","protected":false},"excerpt":{"rendered":"<p>[vc_row full_width=&#8221;stretch_row_content&#8221; equal_height=&#8221;yes&#8221; el_id=&#8221;row-intro-big&#8221;][vc_column width=&#8221;1\/3&#8243; css=&#8221;.vc_custom_1676547373133{background-color: #39a6de !important;}&#8221;][\/vc_column][vc_column width=&#8221;2\/3&#8243; css=&#8221;.vc_custom_1676547571327{background-image: url(https:\/\/www.fundaciontajamar.es\/wp-content\/uploads\/2019\/01\/tajamar-internaciona.jpg?id=297) !important;background-position: center !important;background-repeat: no-repeat !important;background-size: cover !important;}&#8221;][\/vc_column][\/vc_row][vc_row][vc_column][vc_column_text]No solo seguir\u00e1s apoyando a tus seres queridos, sino que, a la vez, har\u00e1s posible que chicos y chicas en riesgo de exclusi\u00f3n&hellip;<\/p>\n","protected":false},"author":5,"featured_media":0,"parent":0,"menu_order":0,"comment_status":"closed","ping_status":"closed","template":"","meta":{"give_campaign_id":0,"_et_pb_use_builder":"","_et_pb_old_content":"","_et_gb_content_width":"","inline_featured_image":false,"footnotes":""},"class_list":["post-4296","page","type-page","status-publish","hentry","entry","no-media"],"yoast_head":"<!-- This site is optimized with the Yoast SEO plugin v27.1.1 - https:\/\/yoast.com\/product\/yoast-seo-wordpress\/ -->\n<title>Legados Solidarios - Fundaci\u00f3n Tajamar<\/title>\n<meta name=\"robots\" content=\"index, follow, max-snippet:-1, max-image-preview:large, max-video-preview:-1\" \/>\n<link rel=\"canonical\" href=\"https:\/\/www.fundaciontajamar.es\/es\/legados-solidarios\/\" \/>\n<meta property=\"og:locale\" content=\"es_ES\" \/>\n<meta property=\"og:type\" content=\"article\" \/>\n<meta property=\"og:title\" content=\"Legados Solidarios - Fundaci\u00f3n Tajamar\" \/>\n<meta property=\"og:description\" content=\"[vc_row full_width=&#8221;stretch_row_content&#8221; equal_height=&#8221;yes&#8221; el_id=&#8221;row-intro-big&#8221;][vc_column width=&#8221;1\/3&#8243; css=&#8221;.vc_custom_1676547373133{background-color: #39a6de !important;}&#8221;][\/vc_column][vc_column width=&#8221;2\/3&#8243; css=&#8221;.vc_custom_1676547571327{background-image: url(https:\/\/www.fundaciontajamar.es\/wp-content\/uploads\/2019\/01\/tajamar-internaciona.jpg?id=297) !important;background-position: center !important;background-repeat: no-repeat !important;background-size: cover !important;}&#8221;][\/vc_column][\/vc_row][vc_row][vc_column][vc_column_text]No solo seguir\u00e1s apoyando a tus seres queridos, sino que, a la vez, har\u00e1s posible que chicos y chicas en riesgo de exclusi\u00f3n&hellip;\" \/>\n<meta property=\"og:url\" content=\"https:\/\/www.fundaciontajamar.es\/es\/legados-solidarios\/\" \/>\n<meta property=\"og:site_name\" content=\"Fundaci\u00f3n Tajamar\" \/>\n<meta property=\"article:publisher\" content=\"https:\/\/www.facebook.com\/Fundaci%c3%b3n-Tajamar-106985744251948\" \/>\n<meta property=\"article:modified_time\" content=\"2023-02-22T08:27:50+00:00\" \/>\n<meta name=\"twitter:card\" content=\"summary_large_image\" \/>\n<meta name=\"twitter:site\" content=\"@FTajamar\" \/>\n<meta name=\"twitter:label1\" content=\"Tiempo de lectura\" \/>\n\t<meta name=\"twitter:data1\" content=\"3 minutos\" \/>\n<script type=\"application\/ld+json\" class=\"yoast-schema-graph\">{\"@context\":\"https:\/\/schema.org\",\"@graph\":[{\"@type\":\"WebPage\",\"@id\":\"https:\/\/www.fundaciontajamar.es\/es\/legados-solidarios\/\",\"url\":\"https:\/\/www.fundaciontajamar.es\/es\/legados-solidarios\/\",\"name\":\"Legados Solidarios - Fundaci\u00f3n Tajamar\",\"isPartOf\":{\"@id\":\"https:\/\/www.fundaciontajamar.es\/es\/#website\"},\"datePublished\":\"2023-02-16T15:15:07+00:00\",\"dateModified\":\"2023-02-22T08:27:50+00:00\",\"breadcrumb\":{\"@id\":\"https:\/\/www.fundaciontajamar.es\/es\/legados-solidarios\/#breadcrumb\"},\"inLanguage\":\"es\",\"potentialAction\":[{\"@type\":\"ReadAction\",\"target\":[\"https:\/\/www.fundaciontajamar.es\/es\/legados-solidarios\/\"]}]},{\"@type\":\"BreadcrumbList\",\"@id\":\"https:\/\/www.fundaciontajamar.es\/es\/legados-solidarios\/#breadcrumb\",\"itemListElement\":[{\"@type\":\"ListItem\",\"position\":1,\"name\":\"Portada\",\"item\":\"https:\/\/www.fundaciontajamar.es\/es\/\"},{\"@type\":\"ListItem\",\"position\":2,\"name\":\"Legados Solidarios\"}]},{\"@type\":\"WebSite\",\"@id\":\"https:\/\/www.fundaciontajamar.es\/es\/#website\",\"url\":\"https:\/\/www.fundaciontajamar.es\/es\/\",\"name\":\"Fundaci\u00f3n Tajamar\",\"description\":\"Proyectos educativos y sociales. Promoci\u00f3n del deporte en valores.\",\"publisher\":{\"@id\":\"https:\/\/www.fundaciontajamar.es\/es\/#organization\"},\"potentialAction\":[{\"@type\":\"SearchAction\",\"target\":{\"@type\":\"EntryPoint\",\"urlTemplate\":\"https:\/\/www.fundaciontajamar.es\/es\/?s={search_term_string}\"},\"query-input\":{\"@type\":\"PropertyValueSpecification\",\"valueRequired\":true,\"valueName\":\"search_term_string\"}}],\"inLanguage\":\"es\"},{\"@type\":\"Organization\",\"@id\":\"https:\/\/www.fundaciontajamar.es\/es\/#organization\",\"name\":\"Fundaci\u00f3n Tajamar\",\"url\":\"https:\/\/www.fundaciontajamar.es\/es\/\",\"logo\":{\"@type\":\"ImageObject\",\"inLanguage\":\"es\",\"@id\":\"https:\/\/www.fundaciontajamar.es\/es\/#\/schema\/logo\/image\/\",\"url\":\"https:\/\/www.fundaciontajamar.es\/wp-content\/uploads\/2018\/12\/tajamar-logo.svg\",\"contentUrl\":\"https:\/\/www.fundaciontajamar.es\/wp-content\/uploads\/2018\/12\/tajamar-logo.svg\",\"width\":1,\"height\":1,\"caption\":\"Fundaci\u00f3n Tajamar\"},\"image\":{\"@id\":\"https:\/\/www.fundaciontajamar.es\/es\/#\/schema\/logo\/image\/\"},\"sameAs\":[\"https:\/\/www.facebook.com\/Fundaci\u00f3n-Tajamar-106985744251948\",\"https:\/\/x.com\/FTajamar\",\"https:\/\/www.youtube.com\/channel\/UCjunexqPeuGJKMJhzEu9tAA\"]}]}<\/script>\n<!-- \/ Yoast SEO plugin. -->","yoast_head_json":{"title":"Legados Solidarios - Fundaci\u00f3n Tajamar","robots":{"index":"index","follow":"follow","max-snippet":"max-snippet:-1","max-image-preview":"max-image-preview:large","max-video-preview":"max-video-preview:-1"},"canonical":"https:\/\/www.fundaciontajamar.es\/es\/legados-solidarios\/","og_locale":"es_ES","og_type":"article","og_title":"Legados Solidarios - Fundaci\u00f3n Tajamar","og_description":"[vc_row full_width=&#8221;stretch_row_content&#8221; equal_height=&#8221;yes&#8221; el_id=&#8221;row-intro-big&#8221;][vc_column width=&#8221;1\/3&#8243; css=&#8221;.vc_custom_1676547373133{background-color: #39a6de !important;}&#8221;][\/vc_column][vc_column width=&#8221;2\/3&#8243; css=&#8221;.vc_custom_1676547571327{background-image: url(https:\/\/www.fundaciontajamar.es\/wp-content\/uploads\/2019\/01\/tajamar-internaciona.jpg?id=297) !important;background-position: center !important;background-repeat: no-repeat !important;background-size: cover !important;}&#8221;][\/vc_column][\/vc_row][vc_row][vc_column][vc_column_text]No solo seguir\u00e1s apoyando a tus seres queridos, sino que, a la vez, har\u00e1s posible que chicos y chicas en riesgo de exclusi\u00f3n&hellip;","og_url":"https:\/\/www.fundaciontajamar.es\/es\/legados-solidarios\/","og_site_name":"Fundaci\u00f3n Tajamar","article_publisher":"https:\/\/www.facebook.com\/Fundaci%c3%b3n-Tajamar-106985744251948","article_modified_time":"2023-02-22T08:27:50+00:00","twitter_card":"summary_large_image","twitter_site":"@FTajamar","twitter_misc":{"Tiempo de lectura":"3 minutos"},"schema":{"@context":"https:\/\/schema.org","@graph":[{"@type":"WebPage","@id":"https:\/\/www.fundaciontajamar.es\/es\/legados-solidarios\/","url":"https:\/\/www.fundaciontajamar.es\/es\/legados-solidarios\/","name":"Legados Solidarios - Fundaci\u00f3n Tajamar","isPartOf":{"@id":"https:\/\/www.fundaciontajamar.es\/es\/#website"},"datePublished":"2023-02-16T15:15:07+00:00","dateModified":"2023-02-22T08:27:50+00:00","breadcrumb":{"@id":"https:\/\/www.fundaciontajamar.es\/es\/legados-solidarios\/#breadcrumb"},"inLanguage":"es","potentialAction":[{"@type":"ReadAction","target":["https:\/\/www.fundaciontajamar.es\/es\/legados-solidarios\/"]}]},{"@type":"BreadcrumbList","@id":"https:\/\/www.fundaciontajamar.es\/es\/legados-solidarios\/#breadcrumb","itemListElement":[{"@type":"ListItem","position":1,"name":"Portada","item":"https:\/\/www.fundaciontajamar.es\/es\/"},{"@type":"ListItem","position":2,"name":"Legados Solidarios"}]},{"@type":"WebSite","@id":"https:\/\/www.fundaciontajamar.es\/es\/#website","url":"https:\/\/www.fundaciontajamar.es\/es\/","name":"Fundaci\u00f3n Tajamar","description":"Proyectos educativos y sociales. Promoci\u00f3n del deporte en valores.","publisher":{"@id":"https:\/\/www.fundaciontajamar.es\/es\/#organization"},"potentialAction":[{"@type":"SearchAction","target":{"@type":"EntryPoint","urlTemplate":"https:\/\/www.fundaciontajamar.es\/es\/?s={search_term_string}"},"query-input":{"@type":"PropertyValueSpecification","valueRequired":true,"valueName":"search_term_string"}}],"inLanguage":"es"},{"@type":"Organization","@id":"https:\/\/www.fundaciontajamar.es\/es\/#organization","name":"Fundaci\u00f3n Tajamar","url":"https:\/\/www.fundaciontajamar.es\/es\/","logo":{"@type":"ImageObject","inLanguage":"es","@id":"https:\/\/www.fundaciontajamar.es\/es\/#\/schema\/logo\/image\/","url":"https:\/\/www.fundaciontajamar.es\/wp-content\/uploads\/2018\/12\/tajamar-logo.svg","contentUrl":"https:\/\/www.fundaciontajamar.es\/wp-content\/uploads\/2018\/12\/tajamar-logo.svg","width":1,"height":1,"caption":"Fundaci\u00f3n Tajamar"},"image":{"@id":"https:\/\/www.fundaciontajamar.es\/es\/#\/schema\/logo\/image\/"},"sameAs":["https:\/\/www.facebook.com\/Fundaci\u00f3n-Tajamar-106985744251948","https:\/\/x.com\/FTajamar","https:\/\/www.youtube.com\/channel\/UCjunexqPeuGJKMJhzEu9tAA"]}]}},"campaignId":"","_links":{"self":[{"href":"https:\/\/www.fundaciontajamar.es\/es\/wp-json\/wp\/v2\/pages\/4296\/"}],"collection":[{"href":"https:\/\/www.fundaciontajamar.es\/es\/wp-json\/wp\/v2\/pages\/"}],"about":[{"href":"https:\/\/www.fundaciontajamar.es\/es\/wp-json\/wp\/v2\/types\/page\/"}],"author":[{"embeddable":true,"href":"https:\/\/www.fundaciontajamar.es\/es\/wp-json\/wp\/v2\/users\/5\/"}],"replies":[{"embeddable":true,"href":"https:\/\/www.fundaciontajamar.es\/es\/wp-json\/wp\/v2\/comments\/?post=4296"}],"version-history":[{"count":72,"href":"https:\/\/www.fundaciontajamar.es\/es\/wp-json\/wp\/v2\/pages\/4296\/revisions\/"}],"predecessor-version":[{"id":4395,"href":"https:\/\/www.fundaciontajamar.es\/es\/wp-json\/wp\/v2\/pages\/4296\/revisions\/4395\/"}],"wp:attachment":[{"href":"https:\/\/www.fundaciontajamar.es\/es\/wp-json\/wp\/v2\/media\/?parent=4296"}],"curies":[{"name":"wp","href":"https:\/\/api.w.org\/{rel}","templated":true}]}}