{"id":3,"date":"2018-12-04T15:22:05","date_gmt":"2018-12-04T15:22:05","guid":{"rendered":"https:\/\/www.fundaciontajamar.es\/?page_id=3"},"modified":"2024-06-14T11:35:29","modified_gmt":"2024-06-14T09:35:29","slug":"politica-de-privacidad","status":"publish","type":"page","link":"https:\/\/www.fundaciontajamar.es\/es\/politica-de-privacidad\/","title":{"rendered":"Pol\u00edtica de Privacidad"},"content":{"rendered":"[vc_row][vc_column][vc_column_text]<strong>POL\u00cdTICA DE PRIVACIDAD<\/strong><\/p>\n<p>En cumplimiento de lo establecido en el <strong>Reglamento (UE) 2016\/679 del Parlamento Europeo y del Consejo, de 27 de abril de 2016<\/strong>, relativo a la protecci\u00f3n de las personas f\u00edsicas en lo que respecta al tratamiento de datos personales (<strong>Reglamento general de protecci\u00f3n de datos, RGPD<\/strong>) y de la <strong>Ley Org\u00e1nica 3\/2018, de 5 de diciembre, de Protecci\u00f3n de Datos Personales y garant\u00eda de los derechos digitales (LOPDyGDD)<\/strong>, le informamos de que los datos personales, incluidas las fotograf\u00edas, recogidos en esta p\u00e1gina web se podr\u00e1n incorporar y procesar en un tratamiento de responsabilidad de la <strong>Fundaci\u00f3n Tajamar<\/strong> para ponernos en contacto con Vd. por v\u00eda telef\u00f3nica o electr\u00f3nica a trav\u00e9s de su direcci\u00f3n de email, as\u00ed como tambi\u00e9n para otras finalidades: atender su solicitud de informaci\u00f3n, sus comentarios o consultas, dar de alta o baja una aportaci\u00f3n econ\u00f3mica, alta en el bolet\u00edn y\/o para garantizar una correcta atenci\u00f3n en nuestras comunicaciones con Vd.<\/p>\n<p>Los titulares de los datos personales quedan informados y consienten expresamente que la<strong> Fundaci\u00f3n Tajamar<\/strong>, como responsable del tratamiento, pueda tratar, comunicar, ceder y, en su caso, transferir internacionalmente los datos personales, incluidas fotograf\u00edas del usuario, para sus finalidades leg\u00edtimas, exclusivamente a las entidades que participan en sus actividades, desarrollo y fin social, as\u00ed como a las personas y entidades directamente relacionadas con esta Entidad.<\/p>\n<p>En atenci\u00f3n a nuestro compromiso de velar por la privacidad, la Fundaci\u00f3n Tajamar tiene como prioridad mantener una esmerada confidencialidad de toda la informaci\u00f3n que Vd. haya podido<br \/>\nconfiarnos y dispone de los medios t\u00e9cnicos, organizativos y humanos necesarios para garantizar que s\u00f3lo el personal autorizado tenga acceso a sus datos, y en todo caso con pleno respeto a su intimidad.<\/p>\n<p>El 10 de julio de 2023 la Comisi\u00f3n Europea ha adoptado la decisi\u00f3n de adecuaci\u00f3n relativa al Marco de Privacidad de Datos UE-EE.UU, 2016\/679 del Parlamento Europeo y del Consejo<br \/>\nrelativa al nivel adecuado de protecci\u00f3n de los datos personales en el marco de la privacidad de los datos entre la UE y los EE.UU. Lo que facilita y garantiza que empresas de Estados Unidos<br \/>\npuedan tratar datos de ciudadanos europeos. En atenci\u00f3n a esto, Fundaci\u00f3n Tajamar velar\u00e1 para que todas las transferencias internacionales se realicen siempre que el interesado haya dado expl\u00edcitamente su consentimiento a la transferencia propuesta, tras haber sido informado de los posibles riesgos para \u00e9l de dichas transferencias debido a la ausencia de una decisi\u00f3n de adecuaci\u00f3n y de garant\u00edas adecuadas, Tal y como viene determinado en al art\u00edculo 49.1 apartado a.<\/p>\n<p>Le informamos de que puede ejercitar en cualquier momento su derecho de acceso, rectificaci\u00f3n, supresi\u00f3n, oposici\u00f3n limitaci\u00f3n del tratamiento y portabilidad de sus datos personales incluidos en nuestros tratamientos, mediante escrito, acompa\u00f1ado de copia de documento oficial que le identifique, dirigido a la Fundaci\u00f3n Tajamar, Calle P\u00edo Felipe no 12, 28038 (Espa\u00f1a) o mediante la direcci\u00f3n electr\u00f3nica <em>fundacion@tajamar.es.<\/em><\/p>\n<p><strong>\u00daltima modificaci\u00f3n: 3 de junio de 2024.<\/strong>[\/vc_column_text][\/vc_column][\/vc_row]\n","protected":false},"excerpt":{"rendered":"<p>[vc_row][vc_column][vc_column_text]POL\u00cdTICA DE PRIVACIDAD En cumplimiento de lo establecido en el Reglamento (UE) 2016\/679 del Parlamento Europeo y del Consejo, de 27 de abril de 2016, relativo a la protecci\u00f3n de las personas f\u00edsicas en lo que respecta al tratamiento de&hellip;<\/p>\n","protected":false},"author":1,"featured_media":0,"parent":0,"menu_order":0,"comment_status":"closed","ping_status":"open","template":"","meta":{"give_campaign_id":0,"_et_pb_use_builder":"","_et_pb_old_content":"","_et_gb_content_width":"","inline_featured_image":false,"footnotes":""},"class_list":["post-3","page","type-page","status-publish","hentry","entry","no-media"],"yoast_head":"<!-- This site is optimized with the Yoast SEO plugin v27.1.1 - https:\/\/yoast.com\/product\/yoast-seo-wordpress\/ -->\n<title>Pol\u00edtica de Privacidad - Fundaci\u00f3n Tajamar<\/title>\n<meta name=\"robots\" content=\"index, follow, max-snippet:-1, max-image-preview:large, max-video-preview:-1\" \/>\n<link rel=\"canonical\" href=\"https:\/\/www.fundaciontajamar.es\/es\/politica-de-privacidad\/\" \/>\n<meta property=\"og:locale\" content=\"es_ES\" \/>\n<meta property=\"og:type\" content=\"article\" \/>\n<meta property=\"og:title\" content=\"Pol\u00edtica de Privacidad - Fundaci\u00f3n Tajamar\" \/>\n<meta property=\"og:description\" content=\"[vc_row][vc_column][vc_column_text]POL\u00cdTICA DE PRIVACIDAD En cumplimiento de lo establecido en el Reglamento (UE) 2016\/679 del Parlamento Europeo y del Consejo, de 27 de abril de 2016, relativo a la protecci\u00f3n de las personas f\u00edsicas en lo que respecta al tratamiento de&hellip;\" \/>\n<meta property=\"og:url\" content=\"https:\/\/www.fundaciontajamar.es\/es\/politica-de-privacidad\/\" \/>\n<meta property=\"og:site_name\" content=\"Fundaci\u00f3n Tajamar\" \/>\n<meta property=\"article:publisher\" content=\"https:\/\/www.facebook.com\/Fundaci%c3%b3n-Tajamar-106985744251948\" \/>\n<meta property=\"article:modified_time\" content=\"2024-06-14T09:35:29+00:00\" \/>\n<meta name=\"twitter:card\" content=\"summary_large_image\" \/>\n<meta name=\"twitter:site\" content=\"@FTajamar\" \/>\n<meta name=\"twitter:label1\" content=\"Tiempo de lectura\" \/>\n\t<meta name=\"twitter:data1\" content=\"3 minutos\" \/>\n<script type=\"application\/ld+json\" class=\"yoast-schema-graph\">{\"@context\":\"https:\/\/schema.org\",\"@graph\":[{\"@type\":\"WebPage\",\"@id\":\"https:\/\/www.fundaciontajamar.es\/es\/politica-de-privacidad\/\",\"url\":\"https:\/\/www.fundaciontajamar.es\/es\/politica-de-privacidad\/\",\"name\":\"Pol\u00edtica de Privacidad - Fundaci\u00f3n Tajamar\",\"isPartOf\":{\"@id\":\"https:\/\/www.fundaciontajamar.es\/es\/#website\"},\"datePublished\":\"2018-12-04T15:22:05+00:00\",\"dateModified\":\"2024-06-14T09:35:29+00:00\",\"breadcrumb\":{\"@id\":\"https:\/\/www.fundaciontajamar.es\/es\/politica-de-privacidad\/#breadcrumb\"},\"inLanguage\":\"es\",\"potentialAction\":[{\"@type\":\"ReadAction\",\"target\":[\"https:\/\/www.fundaciontajamar.es\/es\/politica-de-privacidad\/\"]}]},{\"@type\":\"BreadcrumbList\",\"@id\":\"https:\/\/www.fundaciontajamar.es\/es\/politica-de-privacidad\/#breadcrumb\",\"itemListElement\":[{\"@type\":\"ListItem\",\"position\":1,\"name\":\"Portada\",\"item\":\"https:\/\/www.fundaciontajamar.es\/es\/\"},{\"@type\":\"ListItem\",\"position\":2,\"name\":\"Pol\u00edtica de Privacidad\"}]},{\"@type\":\"WebSite\",\"@id\":\"https:\/\/www.fundaciontajamar.es\/es\/#website\",\"url\":\"https:\/\/www.fundaciontajamar.es\/es\/\",\"name\":\"Fundaci\u00f3n Tajamar\",\"description\":\"Proyectos educativos y sociales. Promoci\u00f3n del deporte en valores.\",\"publisher\":{\"@id\":\"https:\/\/www.fundaciontajamar.es\/es\/#organization\"},\"potentialAction\":[{\"@type\":\"SearchAction\",\"target\":{\"@type\":\"EntryPoint\",\"urlTemplate\":\"https:\/\/www.fundaciontajamar.es\/es\/?s={search_term_string}\"},\"query-input\":{\"@type\":\"PropertyValueSpecification\",\"valueRequired\":true,\"valueName\":\"search_term_string\"}}],\"inLanguage\":\"es\"},{\"@type\":\"Organization\",\"@id\":\"https:\/\/www.fundaciontajamar.es\/es\/#organization\",\"name\":\"Fundaci\u00f3n Tajamar\",\"url\":\"https:\/\/www.fundaciontajamar.es\/es\/\",\"logo\":{\"@type\":\"ImageObject\",\"inLanguage\":\"es\",\"@id\":\"https:\/\/www.fundaciontajamar.es\/es\/#\/schema\/logo\/image\/\",\"url\":\"https:\/\/www.fundaciontajamar.es\/wp-content\/uploads\/2018\/12\/tajamar-logo.svg\",\"contentUrl\":\"https:\/\/www.fundaciontajamar.es\/wp-content\/uploads\/2018\/12\/tajamar-logo.svg\",\"width\":1,\"height\":1,\"caption\":\"Fundaci\u00f3n Tajamar\"},\"image\":{\"@id\":\"https:\/\/www.fundaciontajamar.es\/es\/#\/schema\/logo\/image\/\"},\"sameAs\":[\"https:\/\/www.facebook.com\/Fundaci\u00f3n-Tajamar-106985744251948\",\"https:\/\/x.com\/FTajamar\",\"https:\/\/www.youtube.com\/channel\/UCjunexqPeuGJKMJhzEu9tAA\"]}]}<\/script>\n<!-- \/ Yoast SEO plugin. -->","yoast_head_json":{"title":"Pol\u00edtica de Privacidad - Fundaci\u00f3n Tajamar","robots":{"index":"index","follow":"follow","max-snippet":"max-snippet:-1","max-image-preview":"max-image-preview:large","max-video-preview":"max-video-preview:-1"},"canonical":"https:\/\/www.fundaciontajamar.es\/es\/politica-de-privacidad\/","og_locale":"es_ES","og_type":"article","og_title":"Pol\u00edtica de Privacidad - Fundaci\u00f3n Tajamar","og_description":"[vc_row][vc_column][vc_column_text]POL\u00cdTICA DE PRIVACIDAD En cumplimiento de lo establecido en el Reglamento (UE) 2016\/679 del Parlamento Europeo y del Consejo, de 27 de abril de 2016, relativo a la protecci\u00f3n de las personas f\u00edsicas en lo que respecta al tratamiento de&hellip;","og_url":"https:\/\/www.fundaciontajamar.es\/es\/politica-de-privacidad\/","og_site_name":"Fundaci\u00f3n Tajamar","article_publisher":"https:\/\/www.facebook.com\/Fundaci%c3%b3n-Tajamar-106985744251948","article_modified_time":"2024-06-14T09:35:29+00:00","twitter_card":"summary_large_image","twitter_site":"@FTajamar","twitter_misc":{"Tiempo de lectura":"3 minutos"},"schema":{"@context":"https:\/\/schema.org","@graph":[{"@type":"WebPage","@id":"https:\/\/www.fundaciontajamar.es\/es\/politica-de-privacidad\/","url":"https:\/\/www.fundaciontajamar.es\/es\/politica-de-privacidad\/","name":"Pol\u00edtica de Privacidad - Fundaci\u00f3n Tajamar","isPartOf":{"@id":"https:\/\/www.fundaciontajamar.es\/es\/#website"},"datePublished":"2018-12-04T15:22:05+00:00","dateModified":"2024-06-14T09:35:29+00:00","breadcrumb":{"@id":"https:\/\/www.fundaciontajamar.es\/es\/politica-de-privacidad\/#breadcrumb"},"inLanguage":"es","potentialAction":[{"@type":"ReadAction","target":["https:\/\/www.fundaciontajamar.es\/es\/politica-de-privacidad\/"]}]},{"@type":"BreadcrumbList","@id":"https:\/\/www.fundaciontajamar.es\/es\/politica-de-privacidad\/#breadcrumb","itemListElement":[{"@type":"ListItem","position":1,"name":"Portada","item":"https:\/\/www.fundaciontajamar.es\/es\/"},{"@type":"ListItem","position":2,"name":"Pol\u00edtica de Privacidad"}]},{"@type":"WebSite","@id":"https:\/\/www.fundaciontajamar.es\/es\/#website","url":"https:\/\/www.fundaciontajamar.es\/es\/","name":"Fundaci\u00f3n Tajamar","description":"Proyectos educativos y sociales. Promoci\u00f3n del deporte en valores.","publisher":{"@id":"https:\/\/www.fundaciontajamar.es\/es\/#organization"},"potentialAction":[{"@type":"SearchAction","target":{"@type":"EntryPoint","urlTemplate":"https:\/\/www.fundaciontajamar.es\/es\/?s={search_term_string}"},"query-input":{"@type":"PropertyValueSpecification","valueRequired":true,"valueName":"search_term_string"}}],"inLanguage":"es"},{"@type":"Organization","@id":"https:\/\/www.fundaciontajamar.es\/es\/#organization","name":"Fundaci\u00f3n Tajamar","url":"https:\/\/www.fundaciontajamar.es\/es\/","logo":{"@type":"ImageObject","inLanguage":"es","@id":"https:\/\/www.fundaciontajamar.es\/es\/#\/schema\/logo\/image\/","url":"https:\/\/www.fundaciontajamar.es\/wp-content\/uploads\/2018\/12\/tajamar-logo.svg","contentUrl":"https:\/\/www.fundaciontajamar.es\/wp-content\/uploads\/2018\/12\/tajamar-logo.svg","width":1,"height":1,"caption":"Fundaci\u00f3n Tajamar"},"image":{"@id":"https:\/\/www.fundaciontajamar.es\/es\/#\/schema\/logo\/image\/"},"sameAs":["https:\/\/www.facebook.com\/Fundaci\u00f3n-Tajamar-106985744251948","https:\/\/x.com\/FTajamar","https:\/\/www.youtube.com\/channel\/UCjunexqPeuGJKMJhzEu9tAA"]}]}},"campaignId":"","_links":{"self":[{"href":"https:\/\/www.fundaciontajamar.es\/es\/wp-json\/wp\/v2\/pages\/3\/"}],"collection":[{"href":"https:\/\/www.fundaciontajamar.es\/es\/wp-json\/wp\/v2\/pages\/"}],"about":[{"href":"https:\/\/www.fundaciontajamar.es\/es\/wp-json\/wp\/v2\/types\/page\/"}],"author":[{"embeddable":true,"href":"https:\/\/www.fundaciontajamar.es\/es\/wp-json\/wp\/v2\/users\/1\/"}],"replies":[{"embeddable":true,"href":"https:\/\/www.fundaciontajamar.es\/es\/wp-json\/wp\/v2\/comments\/?post=3"}],"version-history":[{"count":10,"href":"https:\/\/www.fundaciontajamar.es\/es\/wp-json\/wp\/v2\/pages\/3\/revisions\/"}],"predecessor-version":[{"id":6046,"href":"https:\/\/www.fundaciontajamar.es\/es\/wp-json\/wp\/v2\/pages\/3\/revisions\/6046\/"}],"wp:attachment":[{"href":"https:\/\/www.fundaciontajamar.es\/es\/wp-json\/wp\/v2\/media\/?parent=3"}],"curies":[{"name":"wp","href":"https:\/\/api.w.org\/{rel}","templated":true}]}}