{"id":116,"date":"2019-01-10T16:25:37","date_gmt":"2019-01-10T16:25:37","guid":{"rendered":"https:\/\/www.fundaciontajamar.es\/?page_id=116"},"modified":"2020-09-29T11:26:32","modified_gmt":"2020-09-29T09:26:32","slug":"mision-vision-valores","status":"publish","type":"page","link":"https:\/\/www.fundaciontajamar.es\/es\/mision-vision-valores\/","title":{"rendered":"Misi\u00f3n, visi\u00f3n, valores"},"content":{"rendered":"[vc_row full_width=&#8221;stretch_row_content&#8221; equal_height=&#8221;yes&#8221; el_id=&#8221;row-intro&#8221;][vc_column width=&#8221;1\/3&#8243; css=&#8221;.vc_custom_1547137098320{background-color: #39a6de !important;}&#8221;]<div class=\"vcex-module vcex-heading vcex-heading-plain cover-title\"><span class=\"vcex-heading-inner clr\">Misi\u00f3n,<br \/>\n<strong>visi\u00f3n<\/strong>, valores<\/span><\/div>[\/vc_column][vc_column width=&#8221;2\/3&#8243; css=&#8221;.vc_custom_1555930980442{background-image: url(https:\/\/www.fundaciontajamar.es\/wp-content\/uploads\/2019\/02\/ninios-tajamar.jpg?id=804) !important;background-position: center !important;background-repeat: no-repeat !important;background-size: cover !important;}&#8221;][\/vc_column][\/vc_row][vc_row][vc_column]<h2 class=\"vcex-module vcex-heading vcex-heading-plain\" style=\"text-align:center;\"><span class=\"vcex-heading-inner clr\">La visi\u00f3n de Fundaci\u00f3n Tajamar<\/span><\/h2>[vc_column_text el_class=&#8221;txt-intro&#8221;]\n<p style=\"text-align: center;\">La acci\u00f3n de la Fundaci\u00f3n abarca, desde acciones formativas en el entorno laboral, hasta el fomento de la cultura y las humanidades y el desarrollo deportivo y familiar. <span class=\"Apple-converted-space\">\u00a0<\/span><\/p>\n[\/vc_column_text]<div class=\"textcenter theme-button-wrap clr\"><a href=\"https:\/\/www.fundaciontajamar.es\/wp-content\/uploads\/2019\/05\/Extracto-Estatutos.pdf\" class=\"vcex-button theme-button align-center inline animate-on-hover\"><span class=\"theme-button-inner\">Ver extracto de nuestros estatutos<\/span><\/a><\/div> [\/vc_column][\/vc_row][vc_section full_width=&#8221;stretch_row&#8221; el_id=&#8221;bloques&#8221;][vc_row full_width=&#8221;stretch_row_content&#8221; equal_height=&#8221;yes&#8221; remove_bottom_col_margin=&#8221;true&#8221;][vc_column width=&#8221;1\/2&#8243; css=&#8221;.vc_custom_1547035733469{background-color: #0a0a0a !important;}&#8221;]<div class=\"vcex-module vcex-heading vcex-heading-plain tit-serif\"><span class=\"vcex-heading-inner clr\">Misi\u00f3n<\/span><\/div><div class=\"vcex-module vcex-heading vcex-heading-plain tit-sans pad-right-30\"><span class=\"vcex-heading-inner clr\">Ofrecer un modelo educativo y de trabajo basado en una visi\u00f3n cristiana de la persona y del mundo<\/span><\/div>[vc_column_text el_class=&#8221;pad-right-30&#8243;]\n<p class=\"p1\">Proporcionar una <b>formaci\u00f3n personalizada e integral<\/b>, en medio de un clima de plena libertad y responsabilidad. Queremos tambi\u00e9n promover una transformaci\u00f3n social y la realizaci\u00f3n de cada persona, y para ello contamos con la participaci\u00f3n de toda la comunidad educativa.<\/p>\n[\/vc_column_text][\/vc_column][vc_column width=&#8221;1\/2&#8243; css=&#8221;.vc_custom_1547038170645{background-color: #446caa !important;}&#8221;]<div class=\"vcex-module vcex-heading vcex-heading-plain tit-serif\"><span class=\"vcex-heading-inner clr\">Visi\u00f3n<\/span><\/div><div class=\"vcex-module vcex-heading vcex-heading-plain tit-sans pad-right-30\"><span class=\"vcex-heading-inner clr\">Buscamos ser reconocidos como una comunidad educativa abierta y activa<\/span><\/div>[vc_column_text el_class=&#8221;pad-right-30&#8243;]\n<p class=\"p1\">Una comunidad en un continuo proceso de adaptaci\u00f3n, orientada hacia el servicio de la persona en sus dimensiones profesional, social y espiritual, con un proyecto educativo que pretende formar <b>personas con capacidad cr\u00edtica<\/b>, reconociendo su singularidad y\u00a0 promoviendo su autonom\u00eda y su apertura, de forma que se conviertan en transformadores de la sociedad desde una visi\u00f3n cristiana de la vida.<\/p>\n[\/vc_column_text][\/vc_column][\/vc_row][vc_row full_width=&#8221;stretch_row_content&#8221; equal_height=&#8221;yes&#8221; remove_bottom_col_margin=&#8221;true&#8221; css=&#8221;.vc_custom_1561374837747{background-image: url(https:\/\/www.fundaciontajamar.es\/wp-content\/uploads\/2019\/01\/tajamar-fundacion-video.jpg?id=123) !important;}&#8221;][vc_column width=&#8221;3\/4&#8243; css=&#8221;.vc_custom_1547038191738{background-color: #eb681e !important;}&#8221;]<div class=\"vcex-module vcex-heading vcex-heading-plain tit-serif\"><span class=\"vcex-heading-inner clr\">Valores<\/span><\/div><div class=\"vcex-module vcex-heading vcex-heading-plain tit-sans pad-right-30\"><span class=\"vcex-heading-inner clr\">Tajamar promueve todos los valores morales y culturales de una concepci\u00f3n cristiana de la persona<\/span><\/div>[vc_column_text el_class=&#8221;pad-right-30&#8243;]\n<p class=\"p1\">Fomenta en especial los relacionados con el <b>trabajo bien hecho\u00a0<\/b>\u2013realizado siempre desde una dimensi\u00f3n de servicio a los dem\u00e1s y a toda la sociedad\u2013, el af\u00e1n de mejora y superaci\u00f3n, la visi\u00f3n positiva de las personas y las situaciones, el respeto y la promoci\u00f3n de la libertad y la responsabilidad personales, el compa\u00f1erismo, la sinceridad, la lealtad, la generosidad, la solidaridad, la b\u00fasqueda de la justicia y la concordia, etc.<\/p>\n[\/vc_column_text]<div class=\"vcex-spacing\" style=\"height:15px\"><\/div>[\/vc_column][vc_column width=&#8221;1\/4&#8243; el_class=&#8221;bloque-video&#8221; css=&#8221;.vc_custom_1561374848515{background-position: center !important;background-repeat: no-repeat !important;background-size: cover !important;}&#8221;]<div class=\"vcex-module vcex-heading vcex-heading-plain tit-serif black\"><span class=\"vcex-heading-inner clr\">La Fundaci\u00f3n Tajamar<\/span><\/div>[modal_popup_box top=&#8221;100&#8243; width=&#8221;900&#8243; btnradius=&#8221;0&#8243; titletext=&#8221;La Fundaci\u00f3n Tajamar&#8221; border=&#8221;&#8221; bodybg=&#8221;rgba(10,10,10,0.55)&#8221; btntext=&#8221;Ver v\u00eddeo&#8221; bgclr=&#8221;rgba(255,255,255,0.75)&#8221; titleborder=&#8221;rgba(255,255,255,0.01)&#8221;]\n<div class=\"wrapper-video\"><iframe loading=\"lazy\" id=\"ytplayer\" src=\"https:\/\/www.youtube.com\/embed\/0KQE0ThtgYY\" width=\"850\" height=\"405\" frameborder=\"0\" allowfullscreen=\"allowfullscreen\"><span data-mce-type=\"bookmark\" style=\"display: inline-block; width: 0px; overflow: hidden; line-height: 0;\" class=\"mce_SELRES_start\">\ufeff<\/span><span data-mce-type=\"bookmark\" style=\"display: inline-block; width: 0px; overflow: hidden; line-height: 0;\" class=\"mce_SELRES_start\">\ufeff<\/span><\/iframe><\/div>\n[\/modal_popup_box][\/vc_column][\/vc_row][vc_row][vc_column css=&#8221;.vc_custom_1563187367590{background-image: url(https:\/\/www.fundaciontajamar.es\/wp-content\/uploads\/2019\/06\/ense\u00f1anza-reglada-11.jpg?id=2345) !important;background-position: center !important;background-repeat: no-repeat !important;background-size: cover !important;}&#8221;][vc_row_inner][vc_column_inner width=&#8221;1\/4&#8243;]<div class=\"vcex-module vcex-heading vcex-heading-plain\" style=\"color:#ffffff;text-align:center;\"><span class=\"vcex-heading-inner clr\">Tajamar en espa\u00f1ol<\/span><\/div><div class=\"vcex-spacing\" style=\"height:15px\"><\/div><div class=\"vcex-image vcex-module vcex-clr textcenter\"><span class=\"vcex-image-inner\"><a href=\"https:\/\/www.fundaciontajamar.es\/wp-content\/uploads\/2019\/07\/Fundaci\u00f3n-Tajamar-Castellano-v3-comprimido.pdf\" target=\"_blank\"><img loading=\"lazy\" decoding=\"async\" src=\"https:\/\/www.fundaciontajamar.es\/wp-content\/uploads\/2019\/07\/es-100x67.png\" data-no-retina width=\"100\" height=\"67\" \/><\/a><\/span><\/div>[\/vc_column_inner][vc_column_inner width=&#8221;1\/4&#8243;]<div class=\"vcex-module vcex-heading vcex-heading-plain\" style=\"color:#ffffff;text-align:center;\"><span class=\"vcex-heading-inner clr\">Tajamar en<br \/>\nfran\u00e7ais<\/span><\/div><div class=\"vcex-spacing\" style=\"height:15px\"><\/div><div class=\"vcex-image vcex-module vcex-clr textcenter\"><span class=\"vcex-image-inner\"><a href=\"https:\/\/www.fundaciontajamar.es\/wp-content\/uploads\/2019\/07\/Fundaci\u00f3n-Tajamar-Franc\u00e9s-v3-comprimido.pdf\" target=\"_blank\"><img loading=\"lazy\" decoding=\"async\" src=\"https:\/\/www.fundaciontajamar.es\/wp-content\/uploads\/2019\/07\/pegatina-bandera-francia-rectangular-100x67.png\" data-no-retina width=\"100\" height=\"67\" \/><\/a><\/span><\/div>[\/vc_column_inner][vc_column_inner width=&#8221;1\/4&#8243;]<div class=\"vcex-module vcex-heading vcex-heading-plain\" style=\"color:#ffffff;text-align:center;\"><span class=\"vcex-heading-inner clr\">Tajamar in<br \/>\nenglish<\/span><\/div><div class=\"vcex-spacing\" style=\"height:15px\"><\/div><div class=\"vcex-image vcex-module vcex-clr textcenter\"><span class=\"vcex-image-inner\"><a href=\"https:\/\/www.fundaciontajamar.es\/wp-content\/uploads\/2019\/07\/Fundaci\u00f3n-Tajamar-Ingl\u00e9s-v3-comprimido.pdf\" target=\"_blank\"><img loading=\"lazy\" decoding=\"async\" src=\"https:\/\/www.fundaciontajamar.es\/wp-content\/uploads\/2019\/07\/reino-unido-100x67.png\" data-no-retina width=\"100\" height=\"67\" \/><\/a><\/span><\/div>[\/vc_column_inner][vc_column_inner width=&#8221;1\/4&#8243;]<div class=\"vcex-module vcex-heading vcex-heading-plain\" style=\"color:#ffffff;text-align:center;\"><span class=\"vcex-heading-inner clr\">Tajamar in<br \/>\nitaliano<\/span><\/div><div class=\"vcex-spacing\" style=\"height:15px\"><\/div><div class=\"vcex-image vcex-module vcex-clr textcenter\"><span class=\"vcex-image-inner\"><a href=\"https:\/\/www.fundaciontajamar.es\/wp-content\/uploads\/2019\/07\/Fundaci\u00f3n-Tajamar-Italiano-v3-comprimido.pdf\" target=\"_blank\"><img loading=\"lazy\" decoding=\"async\" src=\"https:\/\/www.fundaciontajamar.es\/wp-content\/uploads\/2019\/07\/190-1901819_bandera-italia-rectangular-bandiera-italiana-clipart-100x67.png\" data-no-retina width=\"100\" height=\"67\" \/><\/a><\/span><\/div>[\/vc_column_inner][\/vc_row_inner][\/vc_column][\/vc_row][\/vc_section][vc_row full_width=&#8221;stretch_row_content&#8221; equal_height=&#8221;yes&#8221; remove_bottom_col_margin=&#8221;true&#8221; el_id=&#8221;contacto&#8221;][vc_column width=&#8221;1\/2&#8243; css=&#8221;.vc_custom_1555931022392{background-image: url(https:\/\/www.fundaciontajamar.es\/wp-content\/uploads\/2019\/01\/tajamar-alumni.jpg?id=127) !important;background-position: center !important;background-repeat: no-repeat !important;background-size: cover !important;}&#8221; el_class=&#8221;contacto-img&#8221;][\/vc_column][vc_column width=&#8221;1\/2&#8243; css=&#8221;.vc_custom_1547134160169{background-color: #39a6de !important;}&#8221; min_height=&#8221;55vh&#8221;]<div class=\"vcex-module vcex-heading vcex-heading-plain tit-serif\"><span class=\"vcex-heading-inner clr\">Contacta con nosotros<\/span><\/div><div class=\"vcex-module vcex-heading vcex-heading-plain tit-sans\"><span class=\"vcex-heading-inner clr\">No te cortes.<br \/>\nEscr\u00edbenos un mensaje<\/span><\/div>\n<div class=\"wpcf7 no-js\" id=\"wpcf7-f3291-o1\" lang=\"es-ES\" dir=\"ltr\" data-wpcf7-id=\"3291\">\n<div class=\"screen-reader-response\"><p role=\"status\" aria-live=\"polite\" aria-atomic=\"true\"><\/p> <ul><\/ul><\/div>\n<form action=\"\/es\/wp-json\/wp\/v2\/pages\/116\/#wpcf7-f3291-o1\" method=\"post\" class=\"wpcf7-form init\" aria-label=\"Formulario de contacto\" novalidate=\"novalidate\" data-status=\"init\">\n<fieldset class=\"hidden-fields-container\"><input type=\"hidden\" name=\"_wpcf7\" value=\"3291\" \/><input type=\"hidden\" name=\"_wpcf7_version\" value=\"6.1.5\" \/><input type=\"hidden\" name=\"_wpcf7_locale\" value=\"es_ES\" \/><input type=\"hidden\" name=\"_wpcf7_unit_tag\" value=\"wpcf7-f3291-o1\" \/><input type=\"hidden\" name=\"_wpcf7_container_post\" value=\"0\" \/><input type=\"hidden\" name=\"_wpcf7_posted_data_hash\" value=\"\" \/><input type=\"hidden\" name=\"_wpcf7_recaptcha_response\" value=\"\" \/>\n<\/fieldset>\n<p><span class=\"wpcf7-form-control-wrap\" data-name=\"your-name\"><input size=\"40\" maxlength=\"400\" class=\"wpcf7-form-control wpcf7-text wpcf7-validates-as-required\" aria-required=\"true\" aria-invalid=\"false\" placeholder=\"Tu nombre\" value=\"\" type=\"text\" name=\"your-name\" \/><\/span><br \/>\n<span class=\"wpcf7-form-control-wrap\" data-name=\"last-name\"><input size=\"40\" maxlength=\"400\" class=\"wpcf7-form-control wpcf7-text wpcf7-validates-as-required\" aria-required=\"true\" aria-invalid=\"false\" placeholder=\"Tus apellidos\" value=\"\" type=\"text\" name=\"last-name\" \/><\/span><br \/>\n<span class=\"wpcf7-form-control-wrap\" data-name=\"your-email\"><input size=\"40\" maxlength=\"400\" class=\"wpcf7-form-control wpcf7-email wpcf7-validates-as-required wpcf7-text wpcf7-validates-as-email\" aria-required=\"true\" aria-invalid=\"false\" placeholder=\"Tu email\" value=\"\" type=\"email\" name=\"your-email\" \/><\/span><br \/>\n<span class=\"wpcf7-form-control-wrap\" data-name=\"your-message\"><textarea cols=\"38\" rows=\"5\" maxlength=\"2000\" class=\"wpcf7-form-control wpcf7-textarea\" aria-invalid=\"false\" placeholder=\"Tu mensaje\" name=\"your-message\"><\/textarea><\/span><br \/>\n<span class=\"wpcf7-form-control-wrap\" data-name=\"acceptance-417\"><span class=\"wpcf7-form-control wpcf7-acceptance\"><span class=\"wpcf7-list-item\"><label><input type=\"checkbox\" name=\"acceptance-417\" value=\"1\" aria-invalid=\"false\" \/><span class=\"wpcf7-list-item-label\">He le\u00eddo y acepto la <a href=\"https:\/\/www.fundaciontajamar.es\/politica-de-privacidad\/\">pol\u00edtica de privacidad<\/a> y el <a href=\"https:\/\/www.fundaciontajamar.es\/aviso-legal\/\">aviso legal<\/a><\/span><\/label><\/span><\/span><\/span><br \/>\n<input class=\"wpcf7-form-control wpcf7-submit has-spinner\" type=\"submit\" value=\"Enviar\" \/>\n<\/p><p style=\"display: none !important;\" class=\"akismet-fields-container\" data-prefix=\"_wpcf7_ak_\"><label>&#916;<textarea name=\"_wpcf7_ak_hp_textarea\" cols=\"45\" rows=\"8\" maxlength=\"100\"><\/textarea><\/label><input type=\"hidden\" id=\"ak_js_1\" name=\"_wpcf7_ak_js\" value=\"94\"\/><script>document.getElementById( \"ak_js_1\" ).setAttribute( \"value\", ( new Date() ).getTime() );<\/script><\/p><div class=\"wpcf7-response-output\" aria-hidden=\"true\"><\/div>\n<\/form>\n<\/div>\n[\/vc_column][\/vc_row]\n","protected":false},"excerpt":{"rendered":"<p>[vc_row full_width=&#8221;stretch_row_content&#8221; equal_height=&#8221;yes&#8221; el_id=&#8221;row-intro&#8221;][vc_column width=&#8221;1\/3&#8243; css=&#8221;.vc_custom_1547137098320{background-color: #39a6de !important;}&#8221;][\/vc_column][vc_column width=&#8221;2\/3&#8243; css=&#8221;.vc_custom_1555930980442{background-image: url(https:\/\/www.fundaciontajamar.es\/wp-content\/uploads\/2019\/02\/ninios-tajamar.jpg?id=804) !important;background-position: center !important;background-repeat: no-repeat !important;background-size: cover !important;}&#8221;][\/vc_column][\/vc_row][vc_row][vc_column][vc_column_text el_class=&#8221;txt-intro&#8221;] La acci\u00f3n de la Fundaci\u00f3n abarca, desde acciones formativas en el entorno laboral, hasta el fomento de la cultura y las&hellip;<\/p>\n","protected":false},"author":1,"featured_media":0,"parent":0,"menu_order":0,"comment_status":"closed","ping_status":"closed","template":"","meta":{"give_campaign_id":0,"_et_pb_use_builder":"","_et_pb_old_content":"","_et_gb_content_width":"","inline_featured_image":false,"footnotes":""},"class_list":["post-116","page","type-page","status-publish","hentry","entry","no-media"],"yoast_head":"<!-- This site is optimized with the Yoast SEO plugin v27.1.1 - https:\/\/yoast.com\/product\/yoast-seo-wordpress\/ -->\n<title>Misi\u00f3n, visi\u00f3n, valores - Fundaci\u00f3n Tajamar<\/title>\n<meta name=\"robots\" content=\"index, follow, max-snippet:-1, max-image-preview:large, max-video-preview:-1\" \/>\n<link rel=\"canonical\" href=\"https:\/\/www.fundaciontajamar.es\/es\/mision-vision-valores\/\" \/>\n<meta property=\"og:locale\" content=\"es_ES\" \/>\n<meta property=\"og:type\" content=\"article\" \/>\n<meta property=\"og:title\" content=\"Misi\u00f3n, visi\u00f3n, valores - Fundaci\u00f3n Tajamar\" \/>\n<meta property=\"og:description\" content=\"[vc_row full_width=&#8221;stretch_row_content&#8221; equal_height=&#8221;yes&#8221; el_id=&#8221;row-intro&#8221;][vc_column width=&#8221;1\/3&#8243; css=&#8221;.vc_custom_1547137098320{background-color: #39a6de !important;}&#8221;][\/vc_column][vc_column width=&#8221;2\/3&#8243; css=&#8221;.vc_custom_1555930980442{background-image: url(https:\/\/www.fundaciontajamar.es\/wp-content\/uploads\/2019\/02\/ninios-tajamar.jpg?id=804) !important;background-position: center !important;background-repeat: no-repeat !important;background-size: cover !important;}&#8221;][\/vc_column][\/vc_row][vc_row][vc_column][vc_column_text el_class=&#8221;txt-intro&#8221;] La acci\u00f3n de la Fundaci\u00f3n abarca, desde acciones formativas en el entorno laboral, hasta el fomento de la cultura y las&hellip;\" \/>\n<meta property=\"og:url\" content=\"https:\/\/www.fundaciontajamar.es\/es\/mision-vision-valores\/\" \/>\n<meta property=\"og:site_name\" content=\"Fundaci\u00f3n Tajamar\" \/>\n<meta property=\"article:publisher\" content=\"https:\/\/www.facebook.com\/Fundaci%c3%b3n-Tajamar-106985744251948\" \/>\n<meta property=\"article:modified_time\" content=\"2020-09-29T09:26:32+00:00\" \/>\n<meta name=\"twitter:card\" content=\"summary_large_image\" \/>\n<meta name=\"twitter:site\" content=\"@FTajamar\" \/>\n<meta name=\"twitter:label1\" content=\"Tiempo de lectura\" \/>\n\t<meta name=\"twitter:data1\" content=\"5 minutos\" \/>\n<script type=\"application\/ld+json\" class=\"yoast-schema-graph\">{\"@context\":\"https:\/\/schema.org\",\"@graph\":[{\"@type\":\"WebPage\",\"@id\":\"https:\/\/www.fundaciontajamar.es\/es\/mision-vision-valores\/\",\"url\":\"https:\/\/www.fundaciontajamar.es\/es\/mision-vision-valores\/\",\"name\":\"Misi\u00f3n, visi\u00f3n, valores - Fundaci\u00f3n Tajamar\",\"isPartOf\":{\"@id\":\"https:\/\/www.fundaciontajamar.es\/es\/#website\"},\"datePublished\":\"2019-01-10T16:25:37+00:00\",\"dateModified\":\"2020-09-29T09:26:32+00:00\",\"breadcrumb\":{\"@id\":\"https:\/\/www.fundaciontajamar.es\/es\/mision-vision-valores\/#breadcrumb\"},\"inLanguage\":\"es\",\"potentialAction\":[{\"@type\":\"ReadAction\",\"target\":[\"https:\/\/www.fundaciontajamar.es\/es\/mision-vision-valores\/\"]}]},{\"@type\":\"BreadcrumbList\",\"@id\":\"https:\/\/www.fundaciontajamar.es\/es\/mision-vision-valores\/#breadcrumb\",\"itemListElement\":[{\"@type\":\"ListItem\",\"position\":1,\"name\":\"Portada\",\"item\":\"https:\/\/www.fundaciontajamar.es\/es\/\"},{\"@type\":\"ListItem\",\"position\":2,\"name\":\"Misi\u00f3n, visi\u00f3n, valores\"}]},{\"@type\":\"WebSite\",\"@id\":\"https:\/\/www.fundaciontajamar.es\/es\/#website\",\"url\":\"https:\/\/www.fundaciontajamar.es\/es\/\",\"name\":\"Fundaci\u00f3n Tajamar\",\"description\":\"Proyectos educativos y sociales. Promoci\u00f3n del deporte en valores.\",\"publisher\":{\"@id\":\"https:\/\/www.fundaciontajamar.es\/es\/#organization\"},\"potentialAction\":[{\"@type\":\"SearchAction\",\"target\":{\"@type\":\"EntryPoint\",\"urlTemplate\":\"https:\/\/www.fundaciontajamar.es\/es\/?s={search_term_string}\"},\"query-input\":{\"@type\":\"PropertyValueSpecification\",\"valueRequired\":true,\"valueName\":\"search_term_string\"}}],\"inLanguage\":\"es\"},{\"@type\":\"Organization\",\"@id\":\"https:\/\/www.fundaciontajamar.es\/es\/#organization\",\"name\":\"Fundaci\u00f3n Tajamar\",\"url\":\"https:\/\/www.fundaciontajamar.es\/es\/\",\"logo\":{\"@type\":\"ImageObject\",\"inLanguage\":\"es\",\"@id\":\"https:\/\/www.fundaciontajamar.es\/es\/#\/schema\/logo\/image\/\",\"url\":\"https:\/\/www.fundaciontajamar.es\/wp-content\/uploads\/2018\/12\/tajamar-logo.svg\",\"contentUrl\":\"https:\/\/www.fundaciontajamar.es\/wp-content\/uploads\/2018\/12\/tajamar-logo.svg\",\"width\":1,\"height\":1,\"caption\":\"Fundaci\u00f3n Tajamar\"},\"image\":{\"@id\":\"https:\/\/www.fundaciontajamar.es\/es\/#\/schema\/logo\/image\/\"},\"sameAs\":[\"https:\/\/www.facebook.com\/Fundaci\u00f3n-Tajamar-106985744251948\",\"https:\/\/x.com\/FTajamar\",\"https:\/\/www.youtube.com\/channel\/UCjunexqPeuGJKMJhzEu9tAA\"]}]}<\/script>\n<!-- \/ Yoast SEO plugin. -->","yoast_head_json":{"title":"Misi\u00f3n, visi\u00f3n, valores - Fundaci\u00f3n Tajamar","robots":{"index":"index","follow":"follow","max-snippet":"max-snippet:-1","max-image-preview":"max-image-preview:large","max-video-preview":"max-video-preview:-1"},"canonical":"https:\/\/www.fundaciontajamar.es\/es\/mision-vision-valores\/","og_locale":"es_ES","og_type":"article","og_title":"Misi\u00f3n, visi\u00f3n, valores - Fundaci\u00f3n Tajamar","og_description":"[vc_row full_width=&#8221;stretch_row_content&#8221; equal_height=&#8221;yes&#8221; el_id=&#8221;row-intro&#8221;][vc_column width=&#8221;1\/3&#8243; css=&#8221;.vc_custom_1547137098320{background-color: #39a6de !important;}&#8221;][\/vc_column][vc_column width=&#8221;2\/3&#8243; css=&#8221;.vc_custom_1555930980442{background-image: url(https:\/\/www.fundaciontajamar.es\/wp-content\/uploads\/2019\/02\/ninios-tajamar.jpg?id=804) !important;background-position: center !important;background-repeat: no-repeat !important;background-size: cover !important;}&#8221;][\/vc_column][\/vc_row][vc_row][vc_column][vc_column_text el_class=&#8221;txt-intro&#8221;] La acci\u00f3n de la Fundaci\u00f3n abarca, desde acciones formativas en el entorno laboral, hasta el fomento de la cultura y las&hellip;","og_url":"https:\/\/www.fundaciontajamar.es\/es\/mision-vision-valores\/","og_site_name":"Fundaci\u00f3n Tajamar","article_publisher":"https:\/\/www.facebook.com\/Fundaci%c3%b3n-Tajamar-106985744251948","article_modified_time":"2020-09-29T09:26:32+00:00","twitter_card":"summary_large_image","twitter_site":"@FTajamar","twitter_misc":{"Tiempo de lectura":"5 minutos"},"schema":{"@context":"https:\/\/schema.org","@graph":[{"@type":"WebPage","@id":"https:\/\/www.fundaciontajamar.es\/es\/mision-vision-valores\/","url":"https:\/\/www.fundaciontajamar.es\/es\/mision-vision-valores\/","name":"Misi\u00f3n, visi\u00f3n, valores - Fundaci\u00f3n Tajamar","isPartOf":{"@id":"https:\/\/www.fundaciontajamar.es\/es\/#website"},"datePublished":"2019-01-10T16:25:37+00:00","dateModified":"2020-09-29T09:26:32+00:00","breadcrumb":{"@id":"https:\/\/www.fundaciontajamar.es\/es\/mision-vision-valores\/#breadcrumb"},"inLanguage":"es","potentialAction":[{"@type":"ReadAction","target":["https:\/\/www.fundaciontajamar.es\/es\/mision-vision-valores\/"]}]},{"@type":"BreadcrumbList","@id":"https:\/\/www.fundaciontajamar.es\/es\/mision-vision-valores\/#breadcrumb","itemListElement":[{"@type":"ListItem","position":1,"name":"Portada","item":"https:\/\/www.fundaciontajamar.es\/es\/"},{"@type":"ListItem","position":2,"name":"Misi\u00f3n, visi\u00f3n, valores"}]},{"@type":"WebSite","@id":"https:\/\/www.fundaciontajamar.es\/es\/#website","url":"https:\/\/www.fundaciontajamar.es\/es\/","name":"Fundaci\u00f3n Tajamar","description":"Proyectos educativos y sociales. Promoci\u00f3n del deporte en valores.","publisher":{"@id":"https:\/\/www.fundaciontajamar.es\/es\/#organization"},"potentialAction":[{"@type":"SearchAction","target":{"@type":"EntryPoint","urlTemplate":"https:\/\/www.fundaciontajamar.es\/es\/?s={search_term_string}"},"query-input":{"@type":"PropertyValueSpecification","valueRequired":true,"valueName":"search_term_string"}}],"inLanguage":"es"},{"@type":"Organization","@id":"https:\/\/www.fundaciontajamar.es\/es\/#organization","name":"Fundaci\u00f3n Tajamar","url":"https:\/\/www.fundaciontajamar.es\/es\/","logo":{"@type":"ImageObject","inLanguage":"es","@id":"https:\/\/www.fundaciontajamar.es\/es\/#\/schema\/logo\/image\/","url":"https:\/\/www.fundaciontajamar.es\/wp-content\/uploads\/2018\/12\/tajamar-logo.svg","contentUrl":"https:\/\/www.fundaciontajamar.es\/wp-content\/uploads\/2018\/12\/tajamar-logo.svg","width":1,"height":1,"caption":"Fundaci\u00f3n Tajamar"},"image":{"@id":"https:\/\/www.fundaciontajamar.es\/es\/#\/schema\/logo\/image\/"},"sameAs":["https:\/\/www.facebook.com\/Fundaci\u00f3n-Tajamar-106985744251948","https:\/\/x.com\/FTajamar","https:\/\/www.youtube.com\/channel\/UCjunexqPeuGJKMJhzEu9tAA"]}]}},"campaignId":"","_links":{"self":[{"href":"https:\/\/www.fundaciontajamar.es\/es\/wp-json\/wp\/v2\/pages\/116\/"}],"collection":[{"href":"https:\/\/www.fundaciontajamar.es\/es\/wp-json\/wp\/v2\/pages\/"}],"about":[{"href":"https:\/\/www.fundaciontajamar.es\/es\/wp-json\/wp\/v2\/types\/page\/"}],"author":[{"embeddable":true,"href":"https:\/\/www.fundaciontajamar.es\/es\/wp-json\/wp\/v2\/users\/1\/"}],"replies":[{"embeddable":true,"href":"https:\/\/www.fundaciontajamar.es\/es\/wp-json\/wp\/v2\/comments\/?post=116"}],"version-history":[{"count":55,"href":"https:\/\/www.fundaciontajamar.es\/es\/wp-json\/wp\/v2\/pages\/116\/revisions\/"}],"predecessor-version":[{"id":3300,"href":"https:\/\/www.fundaciontajamar.es\/es\/wp-json\/wp\/v2\/pages\/116\/revisions\/3300\/"}],"wp:attachment":[{"href":"https:\/\/www.fundaciontajamar.es\/es\/wp-json\/wp\/v2\/media\/?parent=116"}],"curies":[{"name":"wp","href":"https:\/\/api.w.org\/{rel}","templated":true}]}}