{"id":1154,"date":"2019-03-14T12:39:42","date_gmt":"2019-03-14T12:39:42","guid":{"rendered":"https:\/\/www.fundaciontajamar.es\/?page_id=1154"},"modified":"2025-01-14T15:49:40","modified_gmt":"2025-01-14T14:49:40","slug":"aviso-legal","status":"publish","type":"page","link":"https:\/\/www.fundaciontajamar.es\/es\/aviso-legal\/","title":{"rendered":"Aviso Legal"},"content":{"rendered":"[vc_row][vc_column][vc_column_text]Para dar cumplimiento con lo establecido en la Ley 34\/2002, de 11 de julio, de Servicios de la Sociedad de la Informaci\u00f3n y de Comercio Electr\u00f3nico (en adelante, LSSI), se informa que esta p\u00e1gina web es titularidad de Fundaci\u00f3n Tajamar. La informaci\u00f3n general del responsable de este sitio web son los que se indican a continuaci\u00f3n:<\/p>\n<p>\u2022 Titular: Fundaci\u00f3n Tajamar<br \/>\n\u2022 Direcci\u00f3n: Calle P\u00edo Felipe no 12; 28038 (Espa\u00f1a)<br \/>\n\u2022 Contacto: fundacion@tajamar.es; fbarral@tajamar.es o en el tel\u00e9fono +34 914772848<br \/>\n\u2022 Datos Registrales: Hoja Personal 85, tomo VII, folios 161-162<br \/>\n\u2022 CIF: G28432383<\/p>\n<p>El usuario se compromete a no utilizar el sitio web, ni la informaci\u00f3n ofrecida en el mismo para la realizaci\u00f3n de actividades contrarias a la Ley, la moral o el orden p\u00fablico. Las actividades que el usuario realice son de su exclusiva responsabilidad, sin que en ning\u00fan caso pueda responsabilizarse a la Fundaci\u00f3n Tajamar de los da\u00f1os o perjuicios que se puedan ocasionar de la actividad realizada por el usuario.<\/p>\n<p>Las condiciones de uso de este sitio web tienen un car\u00e1cter indefinido. Fundaci\u00f3n Tajamar se reserva el derecho de modificar cada una de estas, as\u00ed como su contenido. Toda la informaci\u00f3n publicada en este sitio web se hace \u00fanicamente a t\u00edtulo informativo, reserv\u00e1ndose el derecho de eliminar o suspender su difusi\u00f3n sin previo aviso. La prestaci\u00f3n de servicios y de difusi\u00f3n de informaci\u00f3n se rigen por la Ley espa\u00f1ola.[\/vc_column_text][\/vc_column][\/vc_row]\n","protected":false},"excerpt":{"rendered":"<p>[vc_row][vc_column][vc_column_text]Para dar cumplimiento con lo establecido en la Ley 34\/2002, de 11 de julio, de Servicios de la Sociedad de la Informaci\u00f3n y de Comercio Electr\u00f3nico (en adelante, LSSI), se informa que esta p\u00e1gina web es titularidad de Fundaci\u00f3n Tajamar.&hellip;<\/p>\n","protected":false},"author":1,"featured_media":0,"parent":0,"menu_order":0,"comment_status":"closed","ping_status":"closed","template":"","meta":{"give_campaign_id":0,"_et_pb_use_builder":"","_et_pb_old_content":"","_et_gb_content_width":"","inline_featured_image":false,"footnotes":""},"class_list":["post-1154","page","type-page","status-publish","hentry","entry","no-media"],"yoast_head":"<!-- This site is optimized with the Yoast SEO plugin v27.1.1 - https:\/\/yoast.com\/product\/yoast-seo-wordpress\/ -->\n<title>Aviso Legal - Fundaci\u00f3n Tajamar<\/title>\n<meta name=\"robots\" content=\"index, follow, max-snippet:-1, max-image-preview:large, max-video-preview:-1\" \/>\n<link rel=\"canonical\" href=\"https:\/\/www.fundaciontajamar.es\/es\/aviso-legal\/\" \/>\n<meta property=\"og:locale\" content=\"es_ES\" \/>\n<meta property=\"og:type\" content=\"article\" \/>\n<meta property=\"og:title\" content=\"Aviso Legal - Fundaci\u00f3n Tajamar\" \/>\n<meta property=\"og:description\" content=\"[vc_row][vc_column][vc_column_text]Para dar cumplimiento con lo establecido en la Ley 34\/2002, de 11 de julio, de Servicios de la Sociedad de la Informaci\u00f3n y de Comercio Electr\u00f3nico (en adelante, LSSI), se informa que esta p\u00e1gina web es titularidad de Fundaci\u00f3n Tajamar.&hellip;\" \/>\n<meta property=\"og:url\" content=\"https:\/\/www.fundaciontajamar.es\/es\/aviso-legal\/\" \/>\n<meta property=\"og:site_name\" content=\"Fundaci\u00f3n Tajamar\" \/>\n<meta property=\"article:publisher\" content=\"https:\/\/www.facebook.com\/Fundaci%c3%b3n-Tajamar-106985744251948\" \/>\n<meta property=\"article:modified_time\" content=\"2025-01-14T14:49:40+00:00\" \/>\n<meta name=\"twitter:card\" content=\"summary_large_image\" \/>\n<meta name=\"twitter:site\" content=\"@FTajamar\" \/>\n<meta name=\"twitter:label1\" content=\"Tiempo de lectura\" \/>\n\t<meta name=\"twitter:data1\" content=\"2 minutos\" \/>\n<script type=\"application\/ld+json\" class=\"yoast-schema-graph\">{\"@context\":\"https:\/\/schema.org\",\"@graph\":[{\"@type\":\"WebPage\",\"@id\":\"https:\/\/www.fundaciontajamar.es\/es\/aviso-legal\/\",\"url\":\"https:\/\/www.fundaciontajamar.es\/es\/aviso-legal\/\",\"name\":\"Aviso Legal - Fundaci\u00f3n Tajamar\",\"isPartOf\":{\"@id\":\"https:\/\/www.fundaciontajamar.es\/es\/#website\"},\"datePublished\":\"2019-03-14T12:39:42+00:00\",\"dateModified\":\"2025-01-14T14:49:40+00:00\",\"breadcrumb\":{\"@id\":\"https:\/\/www.fundaciontajamar.es\/es\/aviso-legal\/#breadcrumb\"},\"inLanguage\":\"es\",\"potentialAction\":[{\"@type\":\"ReadAction\",\"target\":[\"https:\/\/www.fundaciontajamar.es\/es\/aviso-legal\/\"]}]},{\"@type\":\"BreadcrumbList\",\"@id\":\"https:\/\/www.fundaciontajamar.es\/es\/aviso-legal\/#breadcrumb\",\"itemListElement\":[{\"@type\":\"ListItem\",\"position\":1,\"name\":\"Portada\",\"item\":\"https:\/\/www.fundaciontajamar.es\/es\/\"},{\"@type\":\"ListItem\",\"position\":2,\"name\":\"Aviso Legal\"}]},{\"@type\":\"WebSite\",\"@id\":\"https:\/\/www.fundaciontajamar.es\/es\/#website\",\"url\":\"https:\/\/www.fundaciontajamar.es\/es\/\",\"name\":\"Fundaci\u00f3n Tajamar\",\"description\":\"Proyectos educativos y sociales. Promoci\u00f3n del deporte en valores.\",\"publisher\":{\"@id\":\"https:\/\/www.fundaciontajamar.es\/es\/#organization\"},\"potentialAction\":[{\"@type\":\"SearchAction\",\"target\":{\"@type\":\"EntryPoint\",\"urlTemplate\":\"https:\/\/www.fundaciontajamar.es\/es\/?s={search_term_string}\"},\"query-input\":{\"@type\":\"PropertyValueSpecification\",\"valueRequired\":true,\"valueName\":\"search_term_string\"}}],\"inLanguage\":\"es\"},{\"@type\":\"Organization\",\"@id\":\"https:\/\/www.fundaciontajamar.es\/es\/#organization\",\"name\":\"Fundaci\u00f3n Tajamar\",\"url\":\"https:\/\/www.fundaciontajamar.es\/es\/\",\"logo\":{\"@type\":\"ImageObject\",\"inLanguage\":\"es\",\"@id\":\"https:\/\/www.fundaciontajamar.es\/es\/#\/schema\/logo\/image\/\",\"url\":\"https:\/\/www.fundaciontajamar.es\/wp-content\/uploads\/2018\/12\/tajamar-logo.svg\",\"contentUrl\":\"https:\/\/www.fundaciontajamar.es\/wp-content\/uploads\/2018\/12\/tajamar-logo.svg\",\"width\":1,\"height\":1,\"caption\":\"Fundaci\u00f3n Tajamar\"},\"image\":{\"@id\":\"https:\/\/www.fundaciontajamar.es\/es\/#\/schema\/logo\/image\/\"},\"sameAs\":[\"https:\/\/www.facebook.com\/Fundaci\u00f3n-Tajamar-106985744251948\",\"https:\/\/x.com\/FTajamar\",\"https:\/\/www.youtube.com\/channel\/UCjunexqPeuGJKMJhzEu9tAA\"]}]}<\/script>\n<!-- \/ Yoast SEO plugin. -->","yoast_head_json":{"title":"Aviso Legal - Fundaci\u00f3n Tajamar","robots":{"index":"index","follow":"follow","max-snippet":"max-snippet:-1","max-image-preview":"max-image-preview:large","max-video-preview":"max-video-preview:-1"},"canonical":"https:\/\/www.fundaciontajamar.es\/es\/aviso-legal\/","og_locale":"es_ES","og_type":"article","og_title":"Aviso Legal - Fundaci\u00f3n Tajamar","og_description":"[vc_row][vc_column][vc_column_text]Para dar cumplimiento con lo establecido en la Ley 34\/2002, de 11 de julio, de Servicios de la Sociedad de la Informaci\u00f3n y de Comercio Electr\u00f3nico (en adelante, LSSI), se informa que esta p\u00e1gina web es titularidad de Fundaci\u00f3n Tajamar.&hellip;","og_url":"https:\/\/www.fundaciontajamar.es\/es\/aviso-legal\/","og_site_name":"Fundaci\u00f3n Tajamar","article_publisher":"https:\/\/www.facebook.com\/Fundaci%c3%b3n-Tajamar-106985744251948","article_modified_time":"2025-01-14T14:49:40+00:00","twitter_card":"summary_large_image","twitter_site":"@FTajamar","twitter_misc":{"Tiempo de lectura":"2 minutos"},"schema":{"@context":"https:\/\/schema.org","@graph":[{"@type":"WebPage","@id":"https:\/\/www.fundaciontajamar.es\/es\/aviso-legal\/","url":"https:\/\/www.fundaciontajamar.es\/es\/aviso-legal\/","name":"Aviso Legal - Fundaci\u00f3n Tajamar","isPartOf":{"@id":"https:\/\/www.fundaciontajamar.es\/es\/#website"},"datePublished":"2019-03-14T12:39:42+00:00","dateModified":"2025-01-14T14:49:40+00:00","breadcrumb":{"@id":"https:\/\/www.fundaciontajamar.es\/es\/aviso-legal\/#breadcrumb"},"inLanguage":"es","potentialAction":[{"@type":"ReadAction","target":["https:\/\/www.fundaciontajamar.es\/es\/aviso-legal\/"]}]},{"@type":"BreadcrumbList","@id":"https:\/\/www.fundaciontajamar.es\/es\/aviso-legal\/#breadcrumb","itemListElement":[{"@type":"ListItem","position":1,"name":"Portada","item":"https:\/\/www.fundaciontajamar.es\/es\/"},{"@type":"ListItem","position":2,"name":"Aviso Legal"}]},{"@type":"WebSite","@id":"https:\/\/www.fundaciontajamar.es\/es\/#website","url":"https:\/\/www.fundaciontajamar.es\/es\/","name":"Fundaci\u00f3n Tajamar","description":"Proyectos educativos y sociales. Promoci\u00f3n del deporte en valores.","publisher":{"@id":"https:\/\/www.fundaciontajamar.es\/es\/#organization"},"potentialAction":[{"@type":"SearchAction","target":{"@type":"EntryPoint","urlTemplate":"https:\/\/www.fundaciontajamar.es\/es\/?s={search_term_string}"},"query-input":{"@type":"PropertyValueSpecification","valueRequired":true,"valueName":"search_term_string"}}],"inLanguage":"es"},{"@type":"Organization","@id":"https:\/\/www.fundaciontajamar.es\/es\/#organization","name":"Fundaci\u00f3n Tajamar","url":"https:\/\/www.fundaciontajamar.es\/es\/","logo":{"@type":"ImageObject","inLanguage":"es","@id":"https:\/\/www.fundaciontajamar.es\/es\/#\/schema\/logo\/image\/","url":"https:\/\/www.fundaciontajamar.es\/wp-content\/uploads\/2018\/12\/tajamar-logo.svg","contentUrl":"https:\/\/www.fundaciontajamar.es\/wp-content\/uploads\/2018\/12\/tajamar-logo.svg","width":1,"height":1,"caption":"Fundaci\u00f3n Tajamar"},"image":{"@id":"https:\/\/www.fundaciontajamar.es\/es\/#\/schema\/logo\/image\/"},"sameAs":["https:\/\/www.facebook.com\/Fundaci\u00f3n-Tajamar-106985744251948","https:\/\/x.com\/FTajamar","https:\/\/www.youtube.com\/channel\/UCjunexqPeuGJKMJhzEu9tAA"]}]}},"campaignId":"","_links":{"self":[{"href":"https:\/\/www.fundaciontajamar.es\/es\/wp-json\/wp\/v2\/pages\/1154\/"}],"collection":[{"href":"https:\/\/www.fundaciontajamar.es\/es\/wp-json\/wp\/v2\/pages\/"}],"about":[{"href":"https:\/\/www.fundaciontajamar.es\/es\/wp-json\/wp\/v2\/types\/page\/"}],"author":[{"embeddable":true,"href":"https:\/\/www.fundaciontajamar.es\/es\/wp-json\/wp\/v2\/users\/1\/"}],"replies":[{"embeddable":true,"href":"https:\/\/www.fundaciontajamar.es\/es\/wp-json\/wp\/v2\/comments\/?post=1154"}],"version-history":[{"count":11,"href":"https:\/\/www.fundaciontajamar.es\/es\/wp-json\/wp\/v2\/pages\/1154\/revisions\/"}],"predecessor-version":[{"id":6237,"href":"https:\/\/www.fundaciontajamar.es\/es\/wp-json\/wp\/v2\/pages\/1154\/revisions\/6237\/"}],"wp:attachment":[{"href":"https:\/\/www.fundaciontajamar.es\/es\/wp-json\/wp\/v2\/media\/?parent=1154"}],"curies":[{"name":"wp","href":"https:\/\/api.w.org\/{rel}","templated":true}]}}